{"id":2392,"date":"2024-02-19T17:13:41","date_gmt":"2024-02-19T17:13:41","guid":{"rendered":"http:\/\/euromedios.alopex.com.mx\/?page_id=2392"},"modified":"2025-01-27T19:17:28","modified_gmt":"2025-01-27T19:17:28","slug":"iluminacion","status":"publish","type":"page","link":"https:\/\/euromedios.com.mx\/esp\/iluminacion\/","title":{"rendered":"Iluminaci\u00f3n"},"content":{"rendered":"<div      class=\"vc_row wpb_row section grid_section\" style=' padding-bottom:55px; text-align:center;'><div class=\" section_inner clearfix\"><div class='section_inner_margin clearfix'><div class=\"wpb_column vc_column_container vc_col-sm-12 vc_col-lg-offset-1 vc_col-lg-10\"><div class=\"vc_column-inner\"><div class=\"wpb_wrapper\">\n\t<div class=\"wpb_text_column wpb_content_element \">\n\t\t<div class=\"wpb_wrapper\">\n\t\t\t<h4>La iluminaci\u00f3n de la fachada es una forma efectiva de realzar su est\u00e9tica arquitect\u00f3nica. En Euromedios Group, hemos desarrollado, junto con un equipo expertos en ingenier\u00eda y programaci\u00f3n, diversas opciones de iluminaci\u00f3n en exterior e interior, realizando la evaluaci\u00f3n profesional de cada detalle, y con ello lograr alcanzar el impacto visual que capte la atenci\u00f3n plena de tus clientes.<\/h4>\n\n\t\t<\/div> \n\t<\/div>     <div class=\"vc_empty_space\"  style=\"height: 32px\">\n\t    <span class=\"vc_empty_space_inner\"><span class=\"empty_space_image\"\n                 ><\/span>\n\t\t<\/span>\n    <\/div>\n\t<div class=\"wpb_text_column wpb_content_element \">\n\t\t<div class=\"wpb_wrapper\">\n\t\t\t<h4><strong>Opciones:<\/strong><\/h4>\n<h4>Iluminaci\u00f3n Fija<\/h4>\n<h4>Iluminaci\u00f3n Din\u00e1mica<\/h4>\n<h4>Iluminaci\u00f3n Programable<\/h4>\n\n\t\t<\/div> \n\t<\/div> <\/div><\/div><\/div><\/div><\/div><\/div><div      class=\"vc_row wpb_row section\" style=' padding-top:82px; padding-bottom:55px; text-align:center;'><div class=\" full_section_inner clearfix\"><div class=\"wpb_column vc_column_container vc_col-sm-12\"><div class=\"vc_column-inner\"><div class=\"wpb_wrapper\"><div class=\"wpb_layerslider_element wpb_content_element\"><script type=\"text\/javascript\">jQuery(function() { _initLayerSlider( '#layerslider_10_zptzw9woxmwb', {createdWith: '7.2.4', sliderVersion: '7.2.4', skin: 'v6', navPrevNext: false, hoverPrevNext: false, showCircleTimer: false, thumbnailNavigation: 'disabled', useSrcset: true, skinsPath: 'https:\/\/euromedios.com.mx\/wp-content\/plugins\/LayerSlider\/assets\/static\/layerslider\/skins\/'}); });<\/script><div id=\"layerslider_10_zptzw9woxmwb\" class=\"ls-wp-container fitvidsignore\" style=\"width:1280px;height:720px;margin:0 auto;margin-bottom: 0px;\"><div class=\"ls-slide\" data-ls=\"kenburnsscale:1.2;\"><img loading=\"lazy\" decoding=\"async\" width=\"900\" height=\"492\" src=\"https:\/\/euromedios.com.mx\/wp-content\/uploads\/2025\/01\/iluminacion-euromedios1.jpg\" class=\"ls-bg\" alt=\"\" srcset=\"https:\/\/euromedios.com.mx\/wp-content\/uploads\/2025\/01\/iluminacion-euromedios1.jpg 900w, https:\/\/euromedios.com.mx\/wp-content\/uploads\/2025\/01\/iluminacion-euromedios1-300x164.jpg 300w, https:\/\/euromedios.com.mx\/wp-content\/uploads\/2025\/01\/iluminacion-euromedios1-768x420.jpg 768w, https:\/\/euromedios.com.mx\/wp-content\/uploads\/2025\/01\/iluminacion-euromedios1-700x383.jpg 700w, https:\/\/euromedios.com.mx\/wp-content\/uploads\/2025\/01\/iluminacion-euromedios1-600x328.jpg 600w\" sizes=\"auto, (max-width: 900px) 100vw, 900px\" \/><\/div><div class=\"ls-slide\" data-ls=\"kenburnsscale:1.2;\"><img loading=\"lazy\" decoding=\"async\" width=\"900\" height=\"492\" src=\"https:\/\/euromedios.com.mx\/wp-content\/uploads\/2025\/01\/iluminacion-euromedios2.jpg\" class=\"ls-bg\" alt=\"\" srcset=\"https:\/\/euromedios.com.mx\/wp-content\/uploads\/2025\/01\/iluminacion-euromedios2.jpg 900w, https:\/\/euromedios.com.mx\/wp-content\/uploads\/2025\/01\/iluminacion-euromedios2-300x164.jpg 300w, https:\/\/euromedios.com.mx\/wp-content\/uploads\/2025\/01\/iluminacion-euromedios2-768x420.jpg 768w, https:\/\/euromedios.com.mx\/wp-content\/uploads\/2025\/01\/iluminacion-euromedios2-700x383.jpg 700w, https:\/\/euromedios.com.mx\/wp-content\/uploads\/2025\/01\/iluminacion-euromedios2-600x328.jpg 600w\" sizes=\"auto, (max-width: 900px) 100vw, 900px\" \/><\/div><div class=\"ls-slide\" data-ls=\"kenburnsscale:1.2;\"><img loading=\"lazy\" decoding=\"async\" width=\"900\" height=\"492\" src=\"https:\/\/euromedios.com.mx\/wp-content\/uploads\/2025\/01\/iluminacion-euromedios3.jpg\" class=\"ls-bg\" alt=\"\" srcset=\"https:\/\/euromedios.com.mx\/wp-content\/uploads\/2025\/01\/iluminacion-euromedios3.jpg 900w, https:\/\/euromedios.com.mx\/wp-content\/uploads\/2025\/01\/iluminacion-euromedios3-300x164.jpg 300w, https:\/\/euromedios.com.mx\/wp-content\/uploads\/2025\/01\/iluminacion-euromedios3-768x420.jpg 768w, https:\/\/euromedios.com.mx\/wp-content\/uploads\/2025\/01\/iluminacion-euromedios3-700x383.jpg 700w, https:\/\/euromedios.com.mx\/wp-content\/uploads\/2025\/01\/iluminacion-euromedios3-600x328.jpg 600w\" sizes=\"auto, (max-width: 900px) 100vw, 900px\" \/><\/div><div class=\"ls-slide\" data-ls=\"kenburnsscale:1.2;\"><img loading=\"lazy\" decoding=\"async\" width=\"900\" height=\"492\" src=\"https:\/\/euromedios.com.mx\/wp-content\/uploads\/2025\/01\/iluminacion-euromedios4.jpg\" class=\"ls-bg\" alt=\"\" srcset=\"https:\/\/euromedios.com.mx\/wp-content\/uploads\/2025\/01\/iluminacion-euromedios4.jpg 900w, https:\/\/euromedios.com.mx\/wp-content\/uploads\/2025\/01\/iluminacion-euromedios4-300x164.jpg 300w, https:\/\/euromedios.com.mx\/wp-content\/uploads\/2025\/01\/iluminacion-euromedios4-768x420.jpg 768w, https:\/\/euromedios.com.mx\/wp-content\/uploads\/2025\/01\/iluminacion-euromedios4-700x383.jpg 700w, https:\/\/euromedios.com.mx\/wp-content\/uploads\/2025\/01\/iluminacion-euromedios4-600x328.jpg 600w\" sizes=\"auto, (max-width: 900px) 100vw, 900px\" \/><\/div><div class=\"ls-slide\" data-ls=\"kenburnsscale:1.2;\"><img loading=\"lazy\" decoding=\"async\" width=\"900\" height=\"492\" src=\"https:\/\/euromedios.com.mx\/wp-content\/uploads\/2025\/01\/iluminacion-euromedios5.jpg\" class=\"ls-bg\" alt=\"\" srcset=\"https:\/\/euromedios.com.mx\/wp-content\/uploads\/2025\/01\/iluminacion-euromedios5.jpg 900w, https:\/\/euromedios.com.mx\/wp-content\/uploads\/2025\/01\/iluminacion-euromedios5-300x164.jpg 300w, https:\/\/euromedios.com.mx\/wp-content\/uploads\/2025\/01\/iluminacion-euromedios5-768x420.jpg 768w, https:\/\/euromedios.com.mx\/wp-content\/uploads\/2025\/01\/iluminacion-euromedios5-700x383.jpg 700w, https:\/\/euromedios.com.mx\/wp-content\/uploads\/2025\/01\/iluminacion-euromedios5-600x328.jpg 600w\" sizes=\"auto, (max-width: 900px) 100vw, 900px\" \/><\/div><div class=\"ls-slide\" data-ls=\"kenburnsscale:1.2;\"><img loading=\"lazy\" decoding=\"async\" width=\"900\" height=\"492\" src=\"https:\/\/euromedios.com.mx\/wp-content\/uploads\/2025\/01\/iluminacion-euromedios6.jpg\" class=\"ls-bg\" alt=\"\" srcset=\"https:\/\/euromedios.com.mx\/wp-content\/uploads\/2025\/01\/iluminacion-euromedios6.jpg 900w, https:\/\/euromedios.com.mx\/wp-content\/uploads\/2025\/01\/iluminacion-euromedios6-300x164.jpg 300w, https:\/\/euromedios.com.mx\/wp-content\/uploads\/2025\/01\/iluminacion-euromedios6-768x420.jpg 768w, https:\/\/euromedios.com.mx\/wp-content\/uploads\/2025\/01\/iluminacion-euromedios6-700x383.jpg 700w, https:\/\/euromedios.com.mx\/wp-content\/uploads\/2025\/01\/iluminacion-euromedios6-600x328.jpg 600w\" sizes=\"auto, (max-width: 900px) 100vw, 900px\" \/><\/div><div class=\"ls-slide\" data-ls=\"kenburnsscale:1.2;\"><img loading=\"lazy\" decoding=\"async\" width=\"900\" height=\"492\" src=\"https:\/\/euromedios.com.mx\/wp-content\/uploads\/2025\/01\/iluminacion-euromedios7.jpg\" class=\"ls-bg\" alt=\"\" srcset=\"https:\/\/euromedios.com.mx\/wp-content\/uploads\/2025\/01\/iluminacion-euromedios7.jpg 900w, https:\/\/euromedios.com.mx\/wp-content\/uploads\/2025\/01\/iluminacion-euromedios7-300x164.jpg 300w, https:\/\/euromedios.com.mx\/wp-content\/uploads\/2025\/01\/iluminacion-euromedios7-768x420.jpg 768w, https:\/\/euromedios.com.mx\/wp-content\/uploads\/2025\/01\/iluminacion-euromedios7-700x383.jpg 700w, https:\/\/euromedios.com.mx\/wp-content\/uploads\/2025\/01\/iluminacion-euromedios7-600x328.jpg 600w\" sizes=\"auto, (max-width: 900px) 100vw, 900px\" \/><\/div><div class=\"ls-slide\" data-ls=\"kenburnsscale:1.2;\"><img loading=\"lazy\" decoding=\"async\" width=\"900\" height=\"492\" src=\"https:\/\/euromedios.com.mx\/wp-content\/uploads\/2025\/01\/iluminacion-euromedios8.jpg\" class=\"ls-bg\" alt=\"\" srcset=\"https:\/\/euromedios.com.mx\/wp-content\/uploads\/2025\/01\/iluminacion-euromedios8.jpg 900w, https:\/\/euromedios.com.mx\/wp-content\/uploads\/2025\/01\/iluminacion-euromedios8-300x164.jpg 300w, https:\/\/euromedios.com.mx\/wp-content\/uploads\/2025\/01\/iluminacion-euromedios8-768x420.jpg 768w, https:\/\/euromedios.com.mx\/wp-content\/uploads\/2025\/01\/iluminacion-euromedios8-700x383.jpg 700w, https:\/\/euromedios.com.mx\/wp-content\/uploads\/2025\/01\/iluminacion-euromedios8-600x328.jpg 600w\" sizes=\"auto, (max-width: 900px) 100vw, 900px\" \/><\/div><div class=\"ls-slide\" data-ls=\"kenburnsscale:1.2;\"><img loading=\"lazy\" decoding=\"async\" width=\"900\" height=\"492\" src=\"https:\/\/euromedios.com.mx\/wp-content\/uploads\/2025\/01\/iluminacion-euromedios9.jpg\" class=\"ls-bg\" alt=\"\" srcset=\"https:\/\/euromedios.com.mx\/wp-content\/uploads\/2025\/01\/iluminacion-euromedios9.jpg 900w, https:\/\/euromedios.com.mx\/wp-content\/uploads\/2025\/01\/iluminacion-euromedios9-300x164.jpg 300w, https:\/\/euromedios.com.mx\/wp-content\/uploads\/2025\/01\/iluminacion-euromedios9-768x420.jpg 768w, https:\/\/euromedios.com.mx\/wp-content\/uploads\/2025\/01\/iluminacion-euromedios9-700x383.jpg 700w, https:\/\/euromedios.com.mx\/wp-content\/uploads\/2025\/01\/iluminacion-euromedios9-600x328.jpg 600w\" sizes=\"auto, (max-width: 900px) 100vw, 900px\" \/><\/div><div class=\"ls-slide\" data-ls=\"kenburnsscale:1.2;\"><img loading=\"lazy\" decoding=\"async\" width=\"900\" height=\"492\" src=\"https:\/\/euromedios.com.mx\/wp-content\/uploads\/2025\/01\/iluminacion-euromedios10.jpg\" class=\"ls-bg\" alt=\"\" srcset=\"https:\/\/euromedios.com.mx\/wp-content\/uploads\/2025\/01\/iluminacion-euromedios10.jpg 900w, https:\/\/euromedios.com.mx\/wp-content\/uploads\/2025\/01\/iluminacion-euromedios10-300x164.jpg 300w, https:\/\/euromedios.com.mx\/wp-content\/uploads\/2025\/01\/iluminacion-euromedios10-768x420.jpg 768w, https:\/\/euromedios.com.mx\/wp-content\/uploads\/2025\/01\/iluminacion-euromedios10-700x383.jpg 700w, https:\/\/euromedios.com.mx\/wp-content\/uploads\/2025\/01\/iluminacion-euromedios10-600x328.jpg 600w\" sizes=\"auto, (max-width: 900px) 100vw, 900px\" \/><\/div><div class=\"ls-slide\" data-ls=\"kenburnsscale:1.2;\"><img loading=\"lazy\" decoding=\"async\" width=\"900\" height=\"492\" src=\"https:\/\/euromedios.com.mx\/wp-content\/uploads\/2025\/01\/iluminacion-euromedios11.jpg\" class=\"ls-bg\" alt=\"\" srcset=\"https:\/\/euromedios.com.mx\/wp-content\/uploads\/2025\/01\/iluminacion-euromedios11.jpg 900w, https:\/\/euromedios.com.mx\/wp-content\/uploads\/2025\/01\/iluminacion-euromedios11-300x164.jpg 300w, https:\/\/euromedios.com.mx\/wp-content\/uploads\/2025\/01\/iluminacion-euromedios11-768x420.jpg 768w, https:\/\/euromedios.com.mx\/wp-content\/uploads\/2025\/01\/iluminacion-euromedios11-700x383.jpg 700w, https:\/\/euromedios.com.mx\/wp-content\/uploads\/2025\/01\/iluminacion-euromedios11-600x328.jpg 600w\" sizes=\"auto, (max-width: 900px) 100vw, 900px\" \/><\/div><div class=\"ls-slide\" data-ls=\"kenburnsscale:1.2;\"><img loading=\"lazy\" decoding=\"async\" width=\"900\" height=\"492\" src=\"https:\/\/euromedios.com.mx\/wp-content\/uploads\/2025\/01\/iluminacion-euromedios12.jpg\" class=\"ls-bg\" alt=\"\" srcset=\"https:\/\/euromedios.com.mx\/wp-content\/uploads\/2025\/01\/iluminacion-euromedios12.jpg 900w, https:\/\/euromedios.com.mx\/wp-content\/uploads\/2025\/01\/iluminacion-euromedios12-300x164.jpg 300w, https:\/\/euromedios.com.mx\/wp-content\/uploads\/2025\/01\/iluminacion-euromedios12-768x420.jpg 768w, https:\/\/euromedios.com.mx\/wp-content\/uploads\/2025\/01\/iluminacion-euromedios12-700x383.jpg 700w, https:\/\/euromedios.com.mx\/wp-content\/uploads\/2025\/01\/iluminacion-euromedios12-600x328.jpg 600w\" sizes=\"auto, (max-width: 900px) 100vw, 900px\" \/><\/div><div class=\"ls-slide\" data-ls=\"kenburnsscale:1.2;\"><img loading=\"lazy\" decoding=\"async\" width=\"900\" height=\"492\" src=\"https:\/\/euromedios.com.mx\/wp-content\/uploads\/2025\/01\/iluminacion-euromedios13.jpg\" class=\"ls-bg\" alt=\"\" srcset=\"https:\/\/euromedios.com.mx\/wp-content\/uploads\/2025\/01\/iluminacion-euromedios13.jpg 900w, https:\/\/euromedios.com.mx\/wp-content\/uploads\/2025\/01\/iluminacion-euromedios13-300x164.jpg 300w, https:\/\/euromedios.com.mx\/wp-content\/uploads\/2025\/01\/iluminacion-euromedios13-768x420.jpg 768w, https:\/\/euromedios.com.mx\/wp-content\/uploads\/2025\/01\/iluminacion-euromedios13-700x383.jpg 700w, https:\/\/euromedios.com.mx\/wp-content\/uploads\/2025\/01\/iluminacion-euromedios13-600x328.jpg 600w\" sizes=\"auto, (max-width: 900px) 100vw, 900px\" \/><\/div><div class=\"ls-slide\" data-ls=\"kenburnsscale:1.2;\"><img loading=\"lazy\" decoding=\"async\" width=\"900\" height=\"492\" src=\"https:\/\/euromedios.com.mx\/wp-content\/uploads\/2025\/01\/iluminacion-euromedios14.jpg\" class=\"ls-bg\" alt=\"\" srcset=\"https:\/\/euromedios.com.mx\/wp-content\/uploads\/2025\/01\/iluminacion-euromedios14.jpg 900w, https:\/\/euromedios.com.mx\/wp-content\/uploads\/2025\/01\/iluminacion-euromedios14-300x164.jpg 300w, https:\/\/euromedios.com.mx\/wp-content\/uploads\/2025\/01\/iluminacion-euromedios14-768x420.jpg 768w, https:\/\/euromedios.com.mx\/wp-content\/uploads\/2025\/01\/iluminacion-euromedios14-700x383.jpg 700w, https:\/\/euromedios.com.mx\/wp-content\/uploads\/2025\/01\/iluminacion-euromedios14-600x328.jpg 600w\" sizes=\"auto, (max-width: 900px) 100vw, 900px\" \/><\/div><div class=\"ls-slide\" data-ls=\"kenburnsscale:1.2;\"><img loading=\"lazy\" decoding=\"async\" width=\"900\" height=\"492\" src=\"https:\/\/euromedios.com.mx\/wp-content\/uploads\/2025\/01\/iluminacion-euromedios15.jpg\" class=\"ls-bg\" alt=\"\" srcset=\"https:\/\/euromedios.com.mx\/wp-content\/uploads\/2025\/01\/iluminacion-euromedios15.jpg 900w, https:\/\/euromedios.com.mx\/wp-content\/uploads\/2025\/01\/iluminacion-euromedios15-300x164.jpg 300w, https:\/\/euromedios.com.mx\/wp-content\/uploads\/2025\/01\/iluminacion-euromedios15-768x420.jpg 768w, https:\/\/euromedios.com.mx\/wp-content\/uploads\/2025\/01\/iluminacion-euromedios15-700x383.jpg 700w, https:\/\/euromedios.com.mx\/wp-content\/uploads\/2025\/01\/iluminacion-euromedios15-600x328.jpg 600w\" sizes=\"auto, (max-width: 900px) 100vw, 900px\" \/><\/div><div class=\"ls-slide\" data-ls=\"kenburnsscale:1.2;\"><img loading=\"lazy\" decoding=\"async\" width=\"900\" height=\"492\" src=\"https:\/\/euromedios.com.mx\/wp-content\/uploads\/2025\/01\/iluminacion-euromedios16.jpg\" class=\"ls-bg\" alt=\"\" srcset=\"https:\/\/euromedios.com.mx\/wp-content\/uploads\/2025\/01\/iluminacion-euromedios16.jpg 900w, https:\/\/euromedios.com.mx\/wp-content\/uploads\/2025\/01\/iluminacion-euromedios16-300x164.jpg 300w, https:\/\/euromedios.com.mx\/wp-content\/uploads\/2025\/01\/iluminacion-euromedios16-768x420.jpg 768w, https:\/\/euromedios.com.mx\/wp-content\/uploads\/2025\/01\/iluminacion-euromedios16-700x383.jpg 700w, https:\/\/euromedios.com.mx\/wp-content\/uploads\/2025\/01\/iluminacion-euromedios16-600x328.jpg 600w\" sizes=\"auto, (max-width: 900px) 100vw, 900px\" \/><\/div><div class=\"ls-slide\" data-ls=\"kenburnsscale:1.2;\"><img loading=\"lazy\" decoding=\"async\" width=\"900\" height=\"492\" src=\"https:\/\/euromedios.com.mx\/wp-content\/uploads\/2025\/01\/iluminacion-euromedios17.jpg\" class=\"ls-bg\" alt=\"\" srcset=\"https:\/\/euromedios.com.mx\/wp-content\/uploads\/2025\/01\/iluminacion-euromedios17.jpg 900w, https:\/\/euromedios.com.mx\/wp-content\/uploads\/2025\/01\/iluminacion-euromedios17-300x164.jpg 300w, https:\/\/euromedios.com.mx\/wp-content\/uploads\/2025\/01\/iluminacion-euromedios17-768x420.jpg 768w, https:\/\/euromedios.com.mx\/wp-content\/uploads\/2025\/01\/iluminacion-euromedios17-700x383.jpg 700w, https:\/\/euromedios.com.mx\/wp-content\/uploads\/2025\/01\/iluminacion-euromedios17-600x328.jpg 600w\" sizes=\"auto, (max-width: 900px) 100vw, 900px\" \/><\/div><div class=\"ls-slide\" data-ls=\"kenburnsscale:1.2;\"><img loading=\"lazy\" decoding=\"async\" width=\"900\" height=\"492\" src=\"https:\/\/euromedios.com.mx\/wp-content\/uploads\/2025\/01\/iluminacion-euromedios18.jpg\" class=\"ls-bg\" alt=\"\" srcset=\"https:\/\/euromedios.com.mx\/wp-content\/uploads\/2025\/01\/iluminacion-euromedios18.jpg 900w, https:\/\/euromedios.com.mx\/wp-content\/uploads\/2025\/01\/iluminacion-euromedios18-300x164.jpg 300w, https:\/\/euromedios.com.mx\/wp-content\/uploads\/2025\/01\/iluminacion-euromedios18-768x420.jpg 768w, https:\/\/euromedios.com.mx\/wp-content\/uploads\/2025\/01\/iluminacion-euromedios18-700x383.jpg 700w, https:\/\/euromedios.com.mx\/wp-content\/uploads\/2025\/01\/iluminacion-euromedios18-600x328.jpg 600w\" sizes=\"auto, (max-width: 900px) 100vw, 900px\" \/><\/div><div class=\"ls-slide\" data-ls=\"kenburnsscale:1.2;\"><img loading=\"lazy\" decoding=\"async\" width=\"900\" height=\"492\" src=\"https:\/\/euromedios.com.mx\/wp-content\/uploads\/2025\/01\/iluminacion-euromedios19.jpg\" class=\"ls-bg\" alt=\"\" srcset=\"https:\/\/euromedios.com.mx\/wp-content\/uploads\/2025\/01\/iluminacion-euromedios19.jpg 900w, https:\/\/euromedios.com.mx\/wp-content\/uploads\/2025\/01\/iluminacion-euromedios19-300x164.jpg 300w, https:\/\/euromedios.com.mx\/wp-content\/uploads\/2025\/01\/iluminacion-euromedios19-768x420.jpg 768w, https:\/\/euromedios.com.mx\/wp-content\/uploads\/2025\/01\/iluminacion-euromedios19-700x383.jpg 700w, https:\/\/euromedios.com.mx\/wp-content\/uploads\/2025\/01\/iluminacion-euromedios19-600x328.jpg 600w\" sizes=\"auto, (max-width: 900px) 100vw, 900px\" \/><\/div><div class=\"ls-slide\" data-ls=\"kenburnsscale:1.2;\"><img loading=\"lazy\" decoding=\"async\" width=\"900\" height=\"492\" src=\"https:\/\/euromedios.com.mx\/wp-content\/uploads\/2025\/01\/iluminacion-euromedios20.jpg\" class=\"ls-bg\" alt=\"\" srcset=\"https:\/\/euromedios.com.mx\/wp-content\/uploads\/2025\/01\/iluminacion-euromedios20.jpg 900w, https:\/\/euromedios.com.mx\/wp-content\/uploads\/2025\/01\/iluminacion-euromedios20-300x164.jpg 300w, https:\/\/euromedios.com.mx\/wp-content\/uploads\/2025\/01\/iluminacion-euromedios20-768x420.jpg 768w, https:\/\/euromedios.com.mx\/wp-content\/uploads\/2025\/01\/iluminacion-euromedios20-700x383.jpg 700w, https:\/\/euromedios.com.mx\/wp-content\/uploads\/2025\/01\/iluminacion-euromedios20-600x328.jpg 600w\" sizes=\"auto, (max-width: 900px) 100vw, 900px\" \/><\/div><div class=\"ls-slide\" data-ls=\"kenburnsscale:1.2;\"><img loading=\"lazy\" decoding=\"async\" width=\"900\" height=\"492\" src=\"https:\/\/euromedios.com.mx\/wp-content\/uploads\/2025\/01\/iluminacion-euromedios21.jpg\" class=\"ls-bg\" alt=\"\" srcset=\"https:\/\/euromedios.com.mx\/wp-content\/uploads\/2025\/01\/iluminacion-euromedios21.jpg 900w, https:\/\/euromedios.com.mx\/wp-content\/uploads\/2025\/01\/iluminacion-euromedios21-300x164.jpg 300w, https:\/\/euromedios.com.mx\/wp-content\/uploads\/2025\/01\/iluminacion-euromedios21-768x420.jpg 768w, https:\/\/euromedios.com.mx\/wp-content\/uploads\/2025\/01\/iluminacion-euromedios21-700x383.jpg 700w, https:\/\/euromedios.com.mx\/wp-content\/uploads\/2025\/01\/iluminacion-euromedios21-600x328.jpg 600w\" sizes=\"auto, (max-width: 900px) 100vw, 900px\" \/><\/div><div class=\"ls-slide\" data-ls=\"kenburnsscale:1.2;\"><img loading=\"lazy\" decoding=\"async\" width=\"900\" height=\"492\" src=\"https:\/\/euromedios.com.mx\/wp-content\/uploads\/2025\/01\/iluminacion-euromedios22.jpg\" class=\"ls-bg\" alt=\"\" srcset=\"https:\/\/euromedios.com.mx\/wp-content\/uploads\/2025\/01\/iluminacion-euromedios22.jpg 900w, https:\/\/euromedios.com.mx\/wp-content\/uploads\/2025\/01\/iluminacion-euromedios22-300x164.jpg 300w, https:\/\/euromedios.com.mx\/wp-content\/uploads\/2025\/01\/iluminacion-euromedios22-768x420.jpg 768w, https:\/\/euromedios.com.mx\/wp-content\/uploads\/2025\/01\/iluminacion-euromedios22-700x383.jpg 700w, https:\/\/euromedios.com.mx\/wp-content\/uploads\/2025\/01\/iluminacion-euromedios22-600x328.jpg 600w\" sizes=\"auto, (max-width: 900px) 100vw, 900px\" \/><\/div><\/div><\/div><\/div><\/div><\/div><\/div><\/div><div      class=\"vc_row wpb_row section grid_section\" style=' padding-top:50px; padding-bottom:25px; text-align:center;'><div class=\" section_inner clearfix\"><div class='section_inner_margin clearfix'><div class=\"wpb_column vc_column_container vc_col-sm-12\"><div class=\"vc_column-inner\"><div class=\"wpb_wrapper\"><div class=\"mkd_separator_with_icon with_icon  center \" style=\"margin-top:35px;margin-bottom:45px\"><div class=\"mkd_icon_holder\" style=\"bottom:-19px;\"><div class=\"mkd_separator_icon_holder\"><div class=\"mkd_line_before\"  style=\"border-bottom-width:1px;width:118px;border-style: solid;margin-bottom:-0.5px;margin-right:18px;\"><\/div><span class=\"mkd_icon_shade mkd_icon_shortcode simple_line_icons circle   \" data-hover-background-color=#fe4743  style=\"background-color: #fe4743;border-width: 0px!important; border-style:solid;line-height:38px;width:38px;height:38px;\"><i class=\"mkd_icon_simple_line_icon icon-check \" style=\"color: #ffffff;line-height:38px;font-size: 20px; \" data-color=\"#ffffff\" data-hover-color=\"#ffffff\" ><\/i><\/span><div class=\"mkd_line_after\"  style=\"border-bottom-width:1px;width:118px;border-style: solid;margin-bottom:-0.5px;margin-left:18px;\"><\/div><\/div><\/div><\/div>\n\t<div class=\"wpb_text_column wpb_content_element \">\n\t\t<div class=\"wpb_wrapper\">\n\t\t\t<h2>Cotiza tu proyecto<\/h2>\n\n\t\t<\/div> \n\t<\/div> <div class=\"separator  transparent   \" style=\"margin-top:38px;margin-bottom:0px\"><\/div>\n\n<div class=\"wpcf7 no-js\" id=\"wpcf7-f19-o1\" lang=\"en-US\" dir=\"ltr\" data-wpcf7-id=\"19\">\n<div class=\"screen-reader-response\"><p role=\"status\" aria-live=\"polite\" aria-atomic=\"true\"><\/p> <ul><\/ul><\/div>\n<form action=\"\/esp\/wp-json\/wp\/v2\/pages\/2392#wpcf7-f19-o1\" method=\"post\" class=\"wpcf7-form init cf7_custom_style_2\" aria-label=\"Contact form\" novalidate=\"novalidate\" data-status=\"init\">\n<fieldset class=\"hidden-fields-container\"><input type=\"hidden\" name=\"_wpcf7\" value=\"19\" \/><input type=\"hidden\" name=\"_wpcf7_version\" value=\"6.1.1\" \/><input type=\"hidden\" name=\"_wpcf7_locale\" value=\"en_US\" \/><input type=\"hidden\" name=\"_wpcf7_unit_tag\" value=\"wpcf7-f19-o1\" \/><input type=\"hidden\" name=\"_wpcf7_container_post\" value=\"0\" \/><input type=\"hidden\" name=\"_wpcf7_posted_data_hash\" value=\"\" \/>\n<\/fieldset>\n<div class=\"two_columns_form_with_space\">\n\t<div class=\"column_left column_50\">\n\t\t<div class=\"column_inner\">\n\t\t\t<p><span class=\"wpcf7-form-control-wrap\" data-name=\"first-name\"><input size=\"40\" maxlength=\"400\" class=\"wpcf7-form-control wpcf7-text wpcf7-validates-as-required\" aria-required=\"true\" aria-invalid=\"false\" placeholder=\"Nombre*\" value=\"\" type=\"text\" name=\"first-name\" \/><\/span>\n\t\t\t<\/p>\n\t\t<\/div>\n\t<\/div>\n\t<div class=\"column_right column_50\">\n\t\t<div class=\"column_inner\">\n\t\t\t<p><span class=\"wpcf7-form-control-wrap\" data-name=\"tel\"><input size=\"40\" maxlength=\"400\" class=\"wpcf7-form-control wpcf7-text wpcf7-validates-as-required\" aria-required=\"true\" aria-invalid=\"false\" placeholder=\"Tel\u00e9fono*\" value=\"\" type=\"text\" name=\"tel\" \/><\/span>\n\t\t\t<\/p>\n\t\t<\/div>\n\t<\/div>\n<\/div>\n<p><span class=\"wpcf7-form-control-wrap\" data-name=\"email\"><input size=\"40\" maxlength=\"400\" class=\"wpcf7-form-control wpcf7-email wpcf7-validates-as-required wpcf7-text wpcf7-validates-as-email\" aria-required=\"true\" aria-invalid=\"false\" placeholder=\"Correo*\" value=\"\" type=\"email\" name=\"email\" \/><\/span>\n<\/p>\n<p><span class=\"wpcf7-form-control-wrap\" data-name=\"ciudad\"><input size=\"40\" maxlength=\"400\" class=\"wpcf7-form-control wpcf7-text wpcf7-validates-as-required\" aria-required=\"true\" aria-invalid=\"false\" placeholder=\"Ciudad*\" value=\"\" type=\"text\" name=\"ciudad\" \/><\/span>\n<\/p>\n<p><span class=\"wpcf7-form-control-wrap\" data-name=\"message\"><textarea cols=\"40\" rows=\"10\" maxlength=\"2000\" class=\"wpcf7-form-control wpcf7-textarea wpcf7-validates-as-required\" aria-required=\"true\" aria-invalid=\"false\" placeholder=\"Mensaje*\" name=\"message\"><\/textarea><\/span>\n<\/p>\n<p><input class=\"wpcf7-form-control wpcf7-submit has-spinner\" type=\"submit\" value=\"ENVIAR\" \/>\n<\/p><div class=\"wpcf7-response-output\" aria-hidden=\"true\"><\/div>\n<\/form>\n<\/div>\n    <div class=\"vc_empty_space\"  style=\"height: 62px\">\n\t    <span class=\"vc_empty_space_inner\"><span class=\"empty_space_image\"\n                 ><\/span>\n\t\t<\/span>\n    <\/div><\/div><\/div><\/div><\/div><\/div><\/div>\n","protected":false},"excerpt":{"rendered":"La iluminaci\u00f3n de la fachada es una forma efectiva de realzar su est\u00e9tica arquitect\u00f3nica. En Euromedios Group, hemos desarrollado, junto con un equipo expertos en ingenier\u00eda y programaci\u00f3n, diversas opciones de iluminaci\u00f3n en exterior e interior, realizando la evaluaci\u00f3n profesional de cada detalle, y con...","protected":false},"author":1,"featured_media":0,"parent":0,"menu_order":0,"comment_status":"closed","ping_status":"closed","template":"","meta":{"_joinchat":[],"footnotes":""},"class_list":["post-2392","page","type-page","status-publish","hentry"],"_links":{"self":[{"href":"https:\/\/euromedios.com.mx\/esp\/wp-json\/wp\/v2\/pages\/2392","targetHints":{"allow":["GET"]}}],"collection":[{"href":"https:\/\/euromedios.com.mx\/esp\/wp-json\/wp\/v2\/pages"}],"about":[{"href":"https:\/\/euromedios.com.mx\/esp\/wp-json\/wp\/v2\/types\/page"}],"author":[{"embeddable":true,"href":"https:\/\/euromedios.com.mx\/esp\/wp-json\/wp\/v2\/users\/1"}],"replies":[{"embeddable":true,"href":"https:\/\/euromedios.com.mx\/esp\/wp-json\/wp\/v2\/comments?post=2392"}],"version-history":[{"count":11,"href":"https:\/\/euromedios.com.mx\/esp\/wp-json\/wp\/v2\/pages\/2392\/revisions"}],"predecessor-version":[{"id":3605,"href":"https:\/\/euromedios.com.mx\/esp\/wp-json\/wp\/v2\/pages\/2392\/revisions\/3605"}],"wp:attachment":[{"href":"https:\/\/euromedios.com.mx\/esp\/wp-json\/wp\/v2\/media?parent=2392"}],"curies":[{"name":"wp","href":"https:\/\/api.w.org\/{rel}","templated":true}]}}