{"id":1487,"date":"2015-09-16T12:49:03","date_gmt":"2015-09-16T12:49:03","guid":{"rendered":"http:\/\/burst.mikado-themes.com\/burst2\/?page_id=1487"},"modified":"2025-01-28T00:35:14","modified_gmt":"2025-01-28T00:35:14","slug":"empresa","status":"publish","type":"page","link":"https:\/\/euromedios.com.mx\/esp\/empresa\/","title":{"rendered":"Empresa"},"content":{"rendered":"<div      class=\"vc_row wpb_row section grid_section\" style='background-color:#ffffff; border-bottom: 1px solid #ffffff; border-top: 1px solid #ffffff; padding-bottom:55px; text-align:center;'><div class=\" section_inner clearfix\"><div class='section_inner_margin clearfix'><div class=\"wpb_column vc_column_container vc_col-sm-12 vc_col-lg-offset-1 vc_col-lg-10\"><div class=\"vc_column-inner\"><div class=\"wpb_wrapper\">    <div class=\"vc_empty_space\"  style=\"height: 52px\">\n\t    <span class=\"vc_empty_space_inner\"><span class=\"empty_space_image\"\n                 ><\/span>\n\t\t<\/span>\n    <\/div><div class=\"separator  transparent   \" style=\"margin-top:-51px;margin-bottom:0px\"><\/div>\n<div class=\"separator  transparent   \" style=\"margin-top:39px;margin-bottom:0px\"><\/div>\n\n\t<div class=\"wpb_single_image wpb_content_element vc_align_center\">\n\t\t<div class=\"wpb_wrapper    \">\n\t\t\t\n\t\t\t<div class=\"vc_single_image-wrapper   vc_box_border_grey\"><img loading=\"lazy\" decoding=\"async\" class=\"vc_single_image-img \" src=\"https:\/\/euromedios.com.mx\/wp-content\/uploads\/2025\/01\/slogan-pasion-por-tu-marca-euromedios-315x57.png\" width=\"315\" height=\"57\" alt=\"slogan-pasion-por-tu-marca-euromedios\" title=\"slogan-pasion-por-tu-marca-euromedios\" \/><\/div>\n\t\t<\/div>\n\t<\/div>\n\n\t<div class=\"wpb_text_column wpb_content_element \">\n\t\t<div class=\"wpb_wrapper\">\n\t\t\t<h4>38 a\u00f1os en el mercado, 3 generaciones de trayectoria, y miles de clientes con verdaderas historias de \u00e9xito nos han llevado a desarrollarnos como una empresa de pensamientos disruptivos, evolucionando desde la <strong>fabricaci\u00f3n de anuncios luminosos<\/strong> convencionales al desarrollo e <strong>implementaci\u00f3n de marca<\/strong> generando experiencias inmersivas desde el primer contacto.<\/h4>\n\n\t\t<\/div> \n\t<\/div> <\/div><\/div><\/div><\/div><\/div><\/div><div      class=\"vc_row wpb_row section grid_section\" style='background-color:#ffffff; border-bottom: 1px solid #ffffff; border-top: 1px solid #ffffff; padding-top:87px; padding-bottom:24px; text-align:left;'><div class=\" section_inner clearfix\"><div class='section_inner_margin clearfix'><div class=\"wpb_column vc_column_container vc_col-sm-12 vc_col-lg-6 vc_col-md-6\"><div class=\"vc_column-inner\"><div class=\"wpb_wrapper\"><div class=\"separator  transparent   \" style=\"margin-top:2px;margin-bottom:0px\"><\/div>\n<div class='mkd_icon_with_title tiny circle  icon_border_outline left clearfix' data-icon-hover-color=#ffffff data-icon-hover-background-color=#cacccd ><div class=\"icon_holder  \" style=\"margin: -10px 5px 0px 0px; \"><div class=\"icon_holder_inner\"><a class=\"icon_with_title_link\" href=\"#\" target=\"_self\"><span class=\"mkd_icon_stack mkd_tiny_icon  outline_enlarge  custom-font\" style=\"font-size: 18px;color: #ffffff;width: 44px;height: 44px;line-height: 44px;background-color: #cacccd;\"><i class=\"mkd_icon_simple_line_icon icon-diamond icon_text_icon mkd_icon_stack_1x\" style=\"font-size: 18px;\" ><\/i><span class=\"animation_overlay\" style=\"box-shadow: 0 0 0 1px #cacccd;width: 44px;height: 44px;\"><\/span><\/span><\/a><\/div><\/div><div class=\"icon_text_holder\" style=\"padding-left: 63px;\"><a class=\"icon_with_title_link\" href=\"#\" target=\"_self\"><div class=\"icon_title_inner_holder\"><h6 class=\"icon_title \" style=\"margin-bottom: 14px;\">Misi\u00f3n<\/h6><\/div><\/a><div class=\"icon_text_inner\"><p style=''><\/p><\/div><\/div><\/div>\n\t<div class=\"wpb_text_column wpb_content_element \">\n\t\t<div class=\"wpb_wrapper\">\n\t\t\t<p>Satisfacer eficientemente las necesidades de nuestros clientes. Mediante la venta, fabricaci\u00f3n e instalaci\u00f3n de anuncios y materiales arquitect\u00f3nicos. Dirigido a constructoras, corporativos, y empresas en general nacionales e internacionales, brindando un excelente servicio con capacidad de respuesta y asesor\u00eda t\u00e9cnica de alta calidad.<\/p>\n\n\t\t<\/div> \n\t<\/div> <div class=\"separator  transparent   \" style=\"margin-top:25px;margin-bottom:0px\"><\/div>\n<div class='mkd_icon_with_title tiny circle  icon_border_outline left clearfix' data-icon-hover-color=#ffffff data-icon-hover-background-color=#cacccd ><div class=\"icon_holder  \" style=\"margin: -10px 5px 0px 0px; \"><div class=\"icon_holder_inner\"><a class=\"icon_with_title_link\" href=\"#\" target=\"_self\"><span class=\"mkd_icon_stack mkd_tiny_icon  outline_enlarge  custom-font\" style=\"font-size: 18px;color: #ffffff;width: 44px;height: 44px;line-height: 44px;background-color: #cacccd;\"><i class=\"mkd_icon_simple_line_icon icon-energy icon_text_icon mkd_icon_stack_1x\" style=\"font-size: 18px;\" ><\/i><span class=\"animation_overlay\" style=\"box-shadow: 0 0 0 1px #cacccd;width: 44px;height: 44px;\"><\/span><\/span><\/a><\/div><\/div><div class=\"icon_text_holder\" style=\"padding-left: 63px;\"><a class=\"icon_with_title_link\" href=\"#\" target=\"_self\"><div class=\"icon_title_inner_holder\"><h6 class=\"icon_title \" style=\"margin-bottom: 14px;\">Valores<\/h6><\/div><\/a><div class=\"icon_text_inner\"><p style=''><\/p><\/div><\/div><\/div>\n\t<div class=\"wpb_text_column wpb_content_element \">\n\t\t<div class=\"wpb_wrapper\">\n\t\t\t<p><strong>Honestidad<\/strong>. Ser congruentes con lo que somos, decimos y hacemos. Conduci\u00e9ndonos siempre con la verdad.<br \/>\n<strong>Compromiso.<\/strong> Utilizar las habilidades, competencias y actitudes, para cumplir con lo prometido.<br \/>\n<strong>Respeto.<\/strong> Valorar los intereses, necesidades y trabajo de los dem\u00e1s.<br \/>\n<strong>Servicio.<\/strong> Ser amable y cortes con clientes, compa\u00f1eros y proveedores.<br \/>\n<strong>Trabajo en equipo.<\/strong> Unificar fortalezas y aptitudes para lograr el bien com\u00fan de la empresa.<br \/>\n<strong>Disciplina.<\/strong> Seguir los c\u00f3digos de conducta y trabajo establecidos en la instituci\u00f3n.<br \/>\n<strong>Lealtad.<\/strong> Compromiso con los objetivos y metas de la empresa obrando con honestidad y justicia.<br \/>\n<strong>Honradez.<\/strong> Respetar siempre los bienes de los dem\u00e1s.<\/p>\n\n\t\t<\/div> \n\t<\/div> <\/div><\/div><\/div><div class=\"wpb_column vc_column_container vc_col-sm-12 vc_col-lg-6 vc_col-md-6\"><div class=\"vc_column-inner\"><div class=\"wpb_wrapper\"><div class=\"separator  transparent   \" style=\"margin-top:4px;margin-bottom:0px\"><\/div>\n<div class='mkd_icon_with_title tiny circle  icon_border_outline left clearfix' data-icon-hover-color=#ffffff data-icon-hover-background-color=#cacccd ><div class=\"icon_holder  \" style=\"margin: -10px 5px 0px 0px; \"><div class=\"icon_holder_inner\"><a class=\"icon_with_title_link\" href=\"#\" target=\"_self\"><span class=\"mkd_icon_stack mkd_tiny_icon  outline_enlarge  custom-font\" style=\"font-size: 18px;color: #ffffff;width: 44px;height: 44px;line-height: 44px;background-color: #cacccd;\"><i class=\"mkd_icon_simple_line_icon icon-globe-alt icon_text_icon mkd_icon_stack_1x\" style=\"font-size: 18px;\" ><\/i><span class=\"animation_overlay\" style=\"box-shadow: 0 0 0 1px #cacccd;width: 44px;height: 44px;\"><\/span><\/span><\/a><\/div><\/div><div class=\"icon_text_holder\" style=\"padding-left: 63px;\"><a class=\"icon_with_title_link\" href=\"#\" target=\"_self\"><div class=\"icon_title_inner_holder\"><h6 class=\"icon_title \" style=\"margin-bottom: 14px;\">Visi\u00f3n<\/h6><\/div><\/a><div class=\"icon_text_inner\"><p style=''><\/p><\/div><\/div><\/div>\n\t<div class=\"wpb_text_column wpb_content_element \">\n\t\t<div class=\"wpb_wrapper\">\n\t\t\t<p>Ser una empresa l\u00edder de reconocida clase mundial, con excelencia en sus productos y servicios, competitiva, con alianzas estrat\u00e9gicas nacionales e internacionales. Formaci\u00f3n integral en su factor humano y contribuci\u00f3n al desarrollo de nuestra sociedad.<\/p>\n\n\t\t<\/div> \n\t<\/div> <div class=\"separator  transparent   \" style=\"margin-top:43px;margin-bottom:0px\"><\/div>\n<div class='mkd_icon_with_title tiny circle  icon_border_outline left clearfix' data-icon-hover-color=#ffffff data-icon-hover-background-color=#cacccd ><div class=\"icon_holder  \" style=\"margin: -10px 5px 0px 0px; \"><div class=\"icon_holder_inner\"><a class=\"icon_with_title_link\" href=\"#\" target=\"_self\"><span class=\"mkd_icon_stack mkd_tiny_icon  outline_enlarge  custom-font\" style=\"font-size: 18px;color: #ffffff;width: 44px;height: 44px;line-height: 44px;background-color: #cacccd;\"><i class=\"mkd_icon_simple_line_icon icon-globe-alt icon_text_icon mkd_icon_stack_1x\" style=\"font-size: 18px;\" ><\/i><span class=\"animation_overlay\" style=\"box-shadow: 0 0 0 1px #cacccd;width: 44px;height: 44px;\"><\/span><\/span><\/a><\/div><\/div><div class=\"icon_text_holder\" style=\"padding-left: 63px;\"><a class=\"icon_with_title_link\" href=\"#\" target=\"_self\"><div class=\"icon_title_inner_holder\"><h6 class=\"icon_title \" style=\"margin-bottom: 14px;\">Politica de Calidad<\/h6><\/div><\/a><div class=\"icon_text_inner\"><p style=''><\/p><\/div><\/div><\/div>\n\t<div class=\"wpb_text_column wpb_content_element \">\n\t\t<div class=\"wpb_wrapper\">\n\t\t\t<p><strong>Comunicaci\u00f3n.<\/strong> Interna y externa de forma precisa, clara y oportuna<br \/>\n<strong>Creatividad e innovaci\u00f3n.<\/strong> Nos anticipamos a las necesidades de nuestros clientes para crear formas nuevas y rentables de satisfacci\u00f3n.<br \/>\n<strong>Cumplimiento.<\/strong> Entregaremos lo acordado excediendo las expectativas de clientes y proveedores.<br \/>\n<strong>Productividad.<\/strong> En nuestro trabajo y empleo de recursos materiales.<\/p>\n\n\t\t<\/div> \n\t<\/div> <\/div><\/div><\/div><\/div><\/div><\/div><div      class=\"vc_row wpb_row section\" style=' text-align:left;'><div class=\" full_section_inner clearfix\"><div class=\"wpb_column vc_column_container vc_col-sm-12\"><div class=\"vc_column-inner\"><div class=\"wpb_wrapper\">    <div class=\"vc_empty_space\"  style=\"height: 32px\">\n\t    <span class=\"vc_empty_space_inner\"><span class=\"empty_space_image\"\n                 ><\/span>\n\t\t<\/span>\n    <\/div><\/div><\/div><\/div><\/div><\/div>\n","protected":false},"excerpt":{"rendered":"38 a\u00f1os en el mercado, 3 generaciones de trayectoria, y miles de clientes con verdaderas historias de \u00e9xito nos han llevado a desarrollarnos como una empresa de pensamientos disruptivos, evolucionando desde la fabricaci\u00f3n de anuncios luminosos convencionales al desarrollo e implementaci\u00f3n de marca generando experiencias...","protected":false},"author":1,"featured_media":0,"parent":0,"menu_order":0,"comment_status":"open","ping_status":"closed","template":"","meta":{"_joinchat":[],"footnotes":""},"class_list":["post-1487","page","type-page","status-publish","hentry"],"_links":{"self":[{"href":"https:\/\/euromedios.com.mx\/esp\/wp-json\/wp\/v2\/pages\/1487","targetHints":{"allow":["GET"]}}],"collection":[{"href":"https:\/\/euromedios.com.mx\/esp\/wp-json\/wp\/v2\/pages"}],"about":[{"href":"https:\/\/euromedios.com.mx\/esp\/wp-json\/wp\/v2\/types\/page"}],"author":[{"embeddable":true,"href":"https:\/\/euromedios.com.mx\/esp\/wp-json\/wp\/v2\/users\/1"}],"replies":[{"embeddable":true,"href":"https:\/\/euromedios.com.mx\/esp\/wp-json\/wp\/v2\/comments?post=1487"}],"version-history":[{"count":67,"href":"https:\/\/euromedios.com.mx\/esp\/wp-json\/wp\/v2\/pages\/1487\/revisions"}],"predecessor-version":[{"id":3662,"href":"https:\/\/euromedios.com.mx\/esp\/wp-json\/wp\/v2\/pages\/1487\/revisions\/3662"}],"wp:attachment":[{"href":"https:\/\/euromedios.com.mx\/esp\/wp-json\/wp\/v2\/media?parent=1487"}],"curies":[{"name":"wp","href":"https:\/\/api.w.org\/{rel}","templated":true}]}}